{"id":2935,"date":"2025-12-12T15:58:24","date_gmt":"2025-12-12T14:58:24","guid":{"rendered":"https:\/\/montelart.com\/?post_type=product&#038;p=2935"},"modified":"2025-12-12T15:58:39","modified_gmt":"2025-12-12T14:58:39","slug":"polo-a-manches-longues-vert-bouteille-copia","status":"publish","type":"product","link":"https:\/\/montelart.com\/fr\/produit\/polo-a-manches-longues-vert-bouteille-copia\/","title":{"rendered":"Polo \u00e0 manches longues vert bouteille (copia)"},"content":{"rendered":"<p>Ce polo \u00e0 manches longues en tissu piqu\u00e9 incarne la fusion parfaite de la tradition sportive et du raffinement contemporain. Inspir\u00e9 par le style classique du rugby britannique, il est con\u00e7u pour ceux qui appr\u00e9cient l&rsquo;\u00e9l\u00e9gance dans les moindres d\u00e9tails sans faire de compromis sur le confort. <\/p>\n<p>Fabriqu\u00e9 \u00e0 partir d&rsquo;un piqu\u00e9 de coton peign\u00e9 de haute qualit\u00e9, le tissu offre une texture \u00e0 la fois ferme et douce, conservant sa structure et sa couleur lavage apr\u00e8s lavage. Col tailleur et patte de boutonnage renforc\u00e9e, id\u00e9al pour les occasions d\u00e9contract\u00e9es avec une touche de distinction. <\/p>\n<p>D\u00e9tails :<br \/>\n&#8211; 100% coton<br \/>\n&#8211; Tissu piqu\u00e9<br \/>\n&#8211; 220 gr<br \/>\n&#8211; Fabriqu\u00e9 en Espagne<br \/>\n&#8211; Fentes lat\u00e9rales dans le bas<br \/>\n&#8211; Col style rugby<\/p>\n<p>Maintenance :<\/p>\n<p>Lavage \u00e0 l&rsquo;eau froide (30 degr\u00e9s)<br \/>\nNe pas mettre au s\u00e8che-linge<br \/>\nNe pas utiliser d&rsquo;eau de javel ou de blanchiment<br \/>\nNe pas nettoyer \u00e0 sec<br \/>\nRepassage \u00e0 chaleur moyenne (150 degr\u00e9s)<\/p>\n","protected":false},"excerpt":{"rendered":"<p>Ce polo \u00e0 manches longues en tissu piqu\u00e9 incarne la fusion parfaite de la tradition sportive et du raffinement contemporain. Inspir\u00e9 par le style classique du rugby britannique, il est con\u00e7u pour ceux qui appr\u00e9cient l&rsquo;\u00e9l\u00e9gance dans les moindres d\u00e9tails sans faire de compromis sur le confort. <\/p>\n","protected":false},"featured_media":2918,"template":"","meta":{"_acf_changed":false,"inline_featured_image":false},"product_brand":[],"product_cat":[126],"product_tag":[124,127],"class_list":{"0":"post-2935","1":"product","2":"type-product","3":"status-publish","4":"has-post-thumbnail","6":"product_cat-poles","7":"product_tag-manches-longues","8":"product_tag-poteaux","10":"first","11":"instock","12":"shipping-taxable","13":"purchasable","14":"product-type-variable","15":"wvs-archive-product-wrapper"},"acf":[],"yoast_head":"<!-- This site is optimized with the Yoast SEO plugin v27.4 - https:\/\/yoast.com\/product\/yoast-seo-wordpress\/ -->\n<title>Polo \u00e0 manches longues vert bouteille (copia) - MONTELART<\/title>\n<meta name=\"robots\" content=\"index, follow, max-snippet:-1, max-image-preview:large, max-video-preview:-1\" \/>\n<link rel=\"canonical\" href=\"https:\/\/montelart.com\/fr\/produit\/polo-a-manches-longues-vert-bouteille-copia\/\" \/>\n<meta property=\"og:locale\" content=\"fr_FR\" \/>\n<meta property=\"og:type\" content=\"article\" \/>\n<meta property=\"og:title\" content=\"Polo \u00e0 manches longues vert bouteille (copia) - MONTELART\" \/>\n<meta property=\"og:description\" content=\"Ce polo \u00e0 manches longues en tissu piqu\u00e9 incarne la fusion parfaite de la tradition sportive et du raffinement contemporain. Inspir\u00e9 par le style classique du rugby britannique, il est con\u00e7u pour ceux qui appr\u00e9cient l&#039;\u00e9l\u00e9gance dans les moindres d\u00e9tails sans faire de compromis sur le confort.\" \/>\n<meta property=\"og:url\" content=\"https:\/\/montelart.com\/fr\/produit\/polo-a-manches-longues-vert-bouteille-copia\/\" \/>\n<meta property=\"og:site_name\" content=\"MONTELART\" \/>\n<meta property=\"article:modified_time\" content=\"2025-12-12T14:58:39+00:00\" \/>\n<meta property=\"og:image\" content=\"https:\/\/montelart.com\/wp-content\/uploads\/2025\/11\/Verde_C-scaled.jpg\" \/>\n\t<meta property=\"og:image:width\" content=\"2048\" \/>\n\t<meta property=\"og:image:height\" content=\"2560\" \/>\n\t<meta property=\"og:image:type\" content=\"image\/jpeg\" \/>\n<meta name=\"twitter:card\" content=\"summary_large_image\" \/>\n<meta name=\"twitter:label1\" content=\"Dur\u00e9e de lecture estim\u00e9e\" \/>\n\t<meta name=\"twitter:data1\" content=\"1 minute\" \/>\n<script type=\"application\/ld+json\" class=\"yoast-schema-graph\">{\"@context\":\"https:\\\/\\\/schema.org\",\"@graph\":[{\"@type\":\"WebPage\",\"@id\":\"https:\\\/\\\/montelart.com\\\/fr\\\/produit\\\/polo-a-manches-longues-vert-bouteille-copia\\\/\",\"url\":\"https:\\\/\\\/montelart.com\\\/fr\\\/produit\\\/polo-a-manches-longues-vert-bouteille-copia\\\/\",\"name\":\"Polo \u00e0 manches longues vert bouteille (copia) - MONTELART\",\"isPartOf\":{\"@id\":\"https:\\\/\\\/montelart.com\\\/fr\\\/#website\"},\"primaryImageOfPage\":{\"@id\":\"https:\\\/\\\/montelart.com\\\/fr\\\/produit\\\/polo-a-manches-longues-vert-bouteille-copia\\\/#primaryimage\"},\"image\":{\"@id\":\"https:\\\/\\\/montelart.com\\\/fr\\\/produit\\\/polo-a-manches-longues-vert-bouteille-copia\\\/#primaryimage\"},\"thumbnailUrl\":\"https:\\\/\\\/montelart.com\\\/wp-content\\\/uploads\\\/2025\\\/11\\\/Verde_C-scaled.jpg\",\"datePublished\":\"2025-12-12T14:58:24+00:00\",\"dateModified\":\"2025-12-12T14:58:39+00:00\",\"breadcrumb\":{\"@id\":\"https:\\\/\\\/montelart.com\\\/fr\\\/produit\\\/polo-a-manches-longues-vert-bouteille-copia\\\/#breadcrumb\"},\"inLanguage\":\"fr-FR\",\"potentialAction\":[{\"@type\":\"ReadAction\",\"target\":[\"https:\\\/\\\/montelart.com\\\/fr\\\/produit\\\/polo-a-manches-longues-vert-bouteille-copia\\\/\"]}]},{\"@type\":\"ImageObject\",\"inLanguage\":\"fr-FR\",\"@id\":\"https:\\\/\\\/montelart.com\\\/fr\\\/produit\\\/polo-a-manches-longues-vert-bouteille-copia\\\/#primaryimage\",\"url\":\"https:\\\/\\\/montelart.com\\\/wp-content\\\/uploads\\\/2025\\\/11\\\/Verde_C-scaled.jpg\",\"contentUrl\":\"https:\\\/\\\/montelart.com\\\/wp-content\\\/uploads\\\/2025\\\/11\\\/Verde_C-scaled.jpg\",\"width\":2048,\"height\":2560},{\"@type\":\"BreadcrumbList\",\"@id\":\"https:\\\/\\\/montelart.com\\\/fr\\\/produit\\\/polo-a-manches-longues-vert-bouteille-copia\\\/#breadcrumb\",\"itemListElement\":[{\"@type\":\"ListItem\",\"position\":1,\"name\":\"Page d'accueil\",\"item\":\"https:\\\/\\\/montelart.com\\\/fr\\\/accueil\\\/\"},{\"@type\":\"ListItem\",\"position\":2,\"name\":\"Boutique\",\"item\":\"https:\\\/\\\/montelart.com\\\/fr\\\/boutique\\\/\"},{\"@type\":\"ListItem\",\"position\":3,\"name\":\"Polo \u00e0 manches longues vert bouteille (copia)\"}]},{\"@type\":\"WebSite\",\"@id\":\"https:\\\/\\\/montelart.com\\\/fr\\\/#website\",\"url\":\"https:\\\/\\\/montelart.com\\\/fr\\\/\",\"name\":\"MONTELART\",\"description\":\"MONTELART  \",\"potentialAction\":[{\"@type\":\"SearchAction\",\"target\":{\"@type\":\"EntryPoint\",\"urlTemplate\":\"https:\\\/\\\/montelart.com\\\/fr\\\/?s={search_term_string}\"},\"query-input\":{\"@type\":\"PropertyValueSpecification\",\"valueRequired\":true,\"valueName\":\"search_term_string\"}}],\"inLanguage\":\"fr-FR\"}]}<\/script>\n<!-- \/ Yoast SEO plugin. -->","yoast_head_json":{"title":"Polo \u00e0 manches longues vert bouteille (copia) - MONTELART","robots":{"index":"index","follow":"follow","max-snippet":"max-snippet:-1","max-image-preview":"max-image-preview:large","max-video-preview":"max-video-preview:-1"},"canonical":"https:\/\/montelart.com\/fr\/produit\/polo-a-manches-longues-vert-bouteille-copia\/","og_locale":"fr_FR","og_type":"article","og_title":"Polo \u00e0 manches longues vert bouteille (copia) - MONTELART","og_description":"Ce polo \u00e0 manches longues en tissu piqu\u00e9 incarne la fusion parfaite de la tradition sportive et du raffinement contemporain. Inspir\u00e9 par le style classique du rugby britannique, il est con\u00e7u pour ceux qui appr\u00e9cient l'\u00e9l\u00e9gance dans les moindres d\u00e9tails sans faire de compromis sur le confort.","og_url":"https:\/\/montelart.com\/fr\/produit\/polo-a-manches-longues-vert-bouteille-copia\/","og_site_name":"MONTELART","article_modified_time":"2025-12-12T14:58:39+00:00","og_image":[{"width":2048,"height":2560,"url":"https:\/\/montelart.com\/wp-content\/uploads\/2025\/11\/Verde_C-scaled.jpg","type":"image\/jpeg"}],"twitter_card":"summary_large_image","twitter_misc":{"Dur\u00e9e de lecture estim\u00e9e":"1 minute"},"schema":{"@context":"https:\/\/schema.org","@graph":[{"@type":"WebPage","@id":"https:\/\/montelart.com\/fr\/produit\/polo-a-manches-longues-vert-bouteille-copia\/","url":"https:\/\/montelart.com\/fr\/produit\/polo-a-manches-longues-vert-bouteille-copia\/","name":"Polo \u00e0 manches longues vert bouteille (copia) - MONTELART","isPartOf":{"@id":"https:\/\/montelart.com\/fr\/#website"},"primaryImageOfPage":{"@id":"https:\/\/montelart.com\/fr\/produit\/polo-a-manches-longues-vert-bouteille-copia\/#primaryimage"},"image":{"@id":"https:\/\/montelart.com\/fr\/produit\/polo-a-manches-longues-vert-bouteille-copia\/#primaryimage"},"thumbnailUrl":"https:\/\/montelart.com\/wp-content\/uploads\/2025\/11\/Verde_C-scaled.jpg","datePublished":"2025-12-12T14:58:24+00:00","dateModified":"2025-12-12T14:58:39+00:00","breadcrumb":{"@id":"https:\/\/montelart.com\/fr\/produit\/polo-a-manches-longues-vert-bouteille-copia\/#breadcrumb"},"inLanguage":"fr-FR","potentialAction":[{"@type":"ReadAction","target":["https:\/\/montelart.com\/fr\/produit\/polo-a-manches-longues-vert-bouteille-copia\/"]}]},{"@type":"ImageObject","inLanguage":"fr-FR","@id":"https:\/\/montelart.com\/fr\/produit\/polo-a-manches-longues-vert-bouteille-copia\/#primaryimage","url":"https:\/\/montelart.com\/wp-content\/uploads\/2025\/11\/Verde_C-scaled.jpg","contentUrl":"https:\/\/montelart.com\/wp-content\/uploads\/2025\/11\/Verde_C-scaled.jpg","width":2048,"height":2560},{"@type":"BreadcrumbList","@id":"https:\/\/montelart.com\/fr\/produit\/polo-a-manches-longues-vert-bouteille-copia\/#breadcrumb","itemListElement":[{"@type":"ListItem","position":1,"name":"Page d'accueil","item":"https:\/\/montelart.com\/fr\/accueil\/"},{"@type":"ListItem","position":2,"name":"Boutique","item":"https:\/\/montelart.com\/fr\/boutique\/"},{"@type":"ListItem","position":3,"name":"Polo \u00e0 manches longues vert bouteille (copia)"}]},{"@type":"WebSite","@id":"https:\/\/montelart.com\/fr\/#website","url":"https:\/\/montelart.com\/fr\/","name":"MONTELART","description":"MONTELART  ","potentialAction":[{"@type":"SearchAction","target":{"@type":"EntryPoint","urlTemplate":"https:\/\/montelart.com\/fr\/?s={search_term_string}"},"query-input":{"@type":"PropertyValueSpecification","valueRequired":true,"valueName":"search_term_string"}}],"inLanguage":"fr-FR"}]}},"_links":{"self":[{"href":"https:\/\/montelart.com\/fr\/wp-json\/wp\/v2\/product\/2935","targetHints":{"allow":["GET"]}}],"collection":[{"href":"https:\/\/montelart.com\/fr\/wp-json\/wp\/v2\/product"}],"about":[{"href":"https:\/\/montelart.com\/fr\/wp-json\/wp\/v2\/types\/product"}],"wp:featuredmedia":[{"embeddable":true,"href":"https:\/\/montelart.com\/fr\/wp-json\/wp\/v2\/media\/2918"}],"wp:attachment":[{"href":"https:\/\/montelart.com\/fr\/wp-json\/wp\/v2\/media?parent=2935"}],"wp:term":[{"taxonomy":"product_brand","embeddable":true,"href":"https:\/\/montelart.com\/fr\/wp-json\/wp\/v2\/product_brand?post=2935"},{"taxonomy":"product_cat","embeddable":true,"href":"https:\/\/montelart.com\/fr\/wp-json\/wp\/v2\/product_cat?post=2935"},{"taxonomy":"product_tag","embeddable":true,"href":"https:\/\/montelart.com\/fr\/wp-json\/wp\/v2\/product_tag?post=2935"}],"curies":[{"name":"wp","href":"https:\/\/api.w.org\/{rel}","templated":true}]}}