{"id":2798,"date":"2025-07-15T15:58:47","date_gmt":"2025-07-15T13:58:47","guid":{"rendered":"https:\/\/montelart.com\/producto\/t-shirt-a-manches-longues-avec-patte-de-boutonnage-en-blanc-casse\/"},"modified":"2025-07-15T15:58:47","modified_gmt":"2025-07-15T13:58:47","slug":"t-shirt-a-manches-longues-avec-patte-de-boutonnage-en-blanc-casse","status":"publish","type":"product","link":"https:\/\/montelart.com\/fr\/produit\/t-shirt-a-manches-longues-avec-patte-de-boutonnage-en-blanc-casse\/","title":{"rendered":"T-shirt \u00e0 manches longues avec patte de boutonnage en blanc cass\u00e9"},"content":{"rendered":"<p>Con\u00e7u pour ceux qui appr\u00e9cient la simplicit\u00e9 et le caract\u00e8re, ce T-shirt c\u00f4tel\u00e9 transforme un basique en une expression d&rsquo;\u00e9l\u00e9gance contemporaine. Sa construction permet une coupe ajust\u00e9e et confortable, s&rsquo;adaptant subtilement au corps sans perdre sa forme. <\/p>\n<p>La patte de boutonnage sur le devant ajoute un d\u00e9tail raffin\u00e9 d&rsquo;inspiration vintage, rappelant la sobri\u00e9t\u00e9 de la chemise traditionnelle, mais avec la l\u00e9g\u00e8ret\u00e9 et la polyvalence d&rsquo;un T-shirt haut de gamme. Id\u00e9ale seule ou port\u00e9e sous une veste l\u00e9g\u00e8re ou un blazer, c&rsquo;est une pi\u00e8ce ma\u00eetresse de la garde-robe de l&rsquo;homme moderne. <\/p>\n<p><strong>D\u00e9tails :<\/strong><\/p>\n<ul>\n<li>95% coton biologique 5% \u00e9lasthanne recycl\u00e9<\/li>\n<li>Tissu c\u00f4tel\u00e9<\/li>\n<li>220 gr<\/li>\n<li>Fabriqu\u00e9 en Espagne<\/li>\n<li>Rabat frontal<\/li>\n<li>Col rond<\/li>\n<\/ul>\n<p><strong>Maintenance :<\/strong><\/p>\n<ul>\n<li>Laver \u00e0 l&rsquo;eau froide (30 degr\u00e9s).<\/li>\n<li>Ne pas s\u00e9cher au s\u00e8che-linge<\/li>\n<li>N&rsquo;utilisez pas d&rsquo;eau de Javel ou d&rsquo;agents de blanchiment<\/li>\n<li>Ne pas nettoyer \u00e0 sec<\/li>\n<li>Repassez \u00e0 temp\u00e9rature moyenne (150 degr\u00e9s).<\/li>\n<\/ul>\n","protected":false},"excerpt":{"rendered":"<p>Con\u00e7u pour ceux qui appr\u00e9cient la simplicit\u00e9 et le caract\u00e8re, ce T-shirt c\u00f4tel\u00e9 transforme un basique en une expression d&rsquo;\u00e9l\u00e9gance contemporaine. Sa construction permet une coupe ajust\u00e9e et confortable, s&rsquo;adaptant subtilement au corps sans perdre sa forme. <\/p>\n","protected":false},"featured_media":2912,"template":"","meta":{"_acf_changed":false,"inline_featured_image":false},"product_brand":[],"product_cat":[121],"product_tag":[124,122],"class_list":{"0":"post-2798","1":"product","2":"type-product","3":"status-publish","4":"has-post-thumbnail","6":"product_cat-chemises","7":"product_tag-manches-longues","8":"product_tag-t-shirt","10":"first","11":"instock","12":"shipping-taxable","13":"purchasable","14":"product-type-variable","15":"wvs-archive-product-wrapper"},"acf":[],"yoast_head":"<!-- This site is optimized with the Yoast SEO plugin v27.4 - https:\/\/yoast.com\/product\/yoast-seo-wordpress\/ -->\n<title>T-shirt \u00e0 manches longues avec patte de boutonnage en blanc cass\u00e9 - MONTELART<\/title>\n<meta name=\"robots\" content=\"index, follow, max-snippet:-1, max-image-preview:large, max-video-preview:-1\" \/>\n<link rel=\"canonical\" href=\"https:\/\/montelart.com\/fr\/produit\/t-shirt-a-manches-longues-avec-patte-de-boutonnage-en-blanc-casse\/\" \/>\n<meta property=\"og:locale\" content=\"fr_FR\" \/>\n<meta property=\"og:type\" content=\"article\" \/>\n<meta property=\"og:title\" content=\"T-shirt \u00e0 manches longues avec patte de boutonnage en blanc cass\u00e9 - MONTELART\" \/>\n<meta property=\"og:description\" content=\"Con\u00e7u pour ceux qui appr\u00e9cient la simplicit\u00e9 et le caract\u00e8re, ce T-shirt c\u00f4tel\u00e9 transforme un basique en une expression d&#039;\u00e9l\u00e9gance contemporaine. Sa construction permet une coupe ajust\u00e9e et confortable, s&#039;adaptant subtilement au corps sans perdre sa forme.\" \/>\n<meta property=\"og:url\" content=\"https:\/\/montelart.com\/fr\/produit\/t-shirt-a-manches-longues-avec-patte-de-boutonnage-en-blanc-casse\/\" \/>\n<meta property=\"og:site_name\" content=\"MONTELART\" \/>\n<meta property=\"og:image\" content=\"https:\/\/montelart.com\/wp-content\/uploads\/2025\/11\/Blanco_C-scaled.jpg\" \/>\n\t<meta property=\"og:image:width\" content=\"2048\" \/>\n\t<meta property=\"og:image:height\" content=\"2560\" \/>\n\t<meta property=\"og:image:type\" content=\"image\/jpeg\" \/>\n<meta name=\"twitter:card\" content=\"summary_large_image\" \/>\n<meta name=\"twitter:label1\" content=\"Dur\u00e9e de lecture estim\u00e9e\" \/>\n\t<meta name=\"twitter:data1\" content=\"1 minute\" \/>\n<script type=\"application\/ld+json\" class=\"yoast-schema-graph\">{\"@context\":\"https:\\\/\\\/schema.org\",\"@graph\":[{\"@type\":\"WebPage\",\"@id\":\"https:\\\/\\\/montelart.com\\\/fr\\\/produit\\\/t-shirt-a-manches-longues-avec-patte-de-boutonnage-en-blanc-casse\\\/\",\"url\":\"https:\\\/\\\/montelart.com\\\/fr\\\/produit\\\/t-shirt-a-manches-longues-avec-patte-de-boutonnage-en-blanc-casse\\\/\",\"name\":\"T-shirt \u00e0 manches longues avec patte de boutonnage en blanc cass\u00e9 - MONTELART\",\"isPartOf\":{\"@id\":\"https:\\\/\\\/montelart.com\\\/fr\\\/#website\"},\"primaryImageOfPage\":{\"@id\":\"https:\\\/\\\/montelart.com\\\/fr\\\/produit\\\/t-shirt-a-manches-longues-avec-patte-de-boutonnage-en-blanc-casse\\\/#primaryimage\"},\"image\":{\"@id\":\"https:\\\/\\\/montelart.com\\\/fr\\\/produit\\\/t-shirt-a-manches-longues-avec-patte-de-boutonnage-en-blanc-casse\\\/#primaryimage\"},\"thumbnailUrl\":\"https:\\\/\\\/montelart.com\\\/wp-content\\\/uploads\\\/2025\\\/11\\\/Blanco_C-scaled.jpg\",\"datePublished\":\"2025-07-15T13:58:47+00:00\",\"breadcrumb\":{\"@id\":\"https:\\\/\\\/montelart.com\\\/fr\\\/produit\\\/t-shirt-a-manches-longues-avec-patte-de-boutonnage-en-blanc-casse\\\/#breadcrumb\"},\"inLanguage\":\"fr-FR\",\"potentialAction\":[{\"@type\":\"ReadAction\",\"target\":[\"https:\\\/\\\/montelart.com\\\/fr\\\/produit\\\/t-shirt-a-manches-longues-avec-patte-de-boutonnage-en-blanc-casse\\\/\"]}]},{\"@type\":\"ImageObject\",\"inLanguage\":\"fr-FR\",\"@id\":\"https:\\\/\\\/montelart.com\\\/fr\\\/produit\\\/t-shirt-a-manches-longues-avec-patte-de-boutonnage-en-blanc-casse\\\/#primaryimage\",\"url\":\"https:\\\/\\\/montelart.com\\\/wp-content\\\/uploads\\\/2025\\\/11\\\/Blanco_C-scaled.jpg\",\"contentUrl\":\"https:\\\/\\\/montelart.com\\\/wp-content\\\/uploads\\\/2025\\\/11\\\/Blanco_C-scaled.jpg\",\"width\":2048,\"height\":2560},{\"@type\":\"BreadcrumbList\",\"@id\":\"https:\\\/\\\/montelart.com\\\/fr\\\/produit\\\/t-shirt-a-manches-longues-avec-patte-de-boutonnage-en-blanc-casse\\\/#breadcrumb\",\"itemListElement\":[{\"@type\":\"ListItem\",\"position\":1,\"name\":\"Page d'accueil\",\"item\":\"https:\\\/\\\/montelart.com\\\/fr\\\/accueil\\\/\"},{\"@type\":\"ListItem\",\"position\":2,\"name\":\"Boutique\",\"item\":\"https:\\\/\\\/montelart.com\\\/fr\\\/boutique\\\/\"},{\"@type\":\"ListItem\",\"position\":3,\"name\":\"T-shirt \u00e0 manches longues avec patte de boutonnage en blanc cass\u00e9\"}]},{\"@type\":\"WebSite\",\"@id\":\"https:\\\/\\\/montelart.com\\\/fr\\\/#website\",\"url\":\"https:\\\/\\\/montelart.com\\\/fr\\\/\",\"name\":\"MONTELART\",\"description\":\"MONTELART  \",\"potentialAction\":[{\"@type\":\"SearchAction\",\"target\":{\"@type\":\"EntryPoint\",\"urlTemplate\":\"https:\\\/\\\/montelart.com\\\/fr\\\/?s={search_term_string}\"},\"query-input\":{\"@type\":\"PropertyValueSpecification\",\"valueRequired\":true,\"valueName\":\"search_term_string\"}}],\"inLanguage\":\"fr-FR\"}]}<\/script>\n<!-- \/ Yoast SEO plugin. -->","yoast_head_json":{"title":"T-shirt \u00e0 manches longues avec patte de boutonnage en blanc cass\u00e9 - MONTELART","robots":{"index":"index","follow":"follow","max-snippet":"max-snippet:-1","max-image-preview":"max-image-preview:large","max-video-preview":"max-video-preview:-1"},"canonical":"https:\/\/montelart.com\/fr\/produit\/t-shirt-a-manches-longues-avec-patte-de-boutonnage-en-blanc-casse\/","og_locale":"fr_FR","og_type":"article","og_title":"T-shirt \u00e0 manches longues avec patte de boutonnage en blanc cass\u00e9 - MONTELART","og_description":"Con\u00e7u pour ceux qui appr\u00e9cient la simplicit\u00e9 et le caract\u00e8re, ce T-shirt c\u00f4tel\u00e9 transforme un basique en une expression d'\u00e9l\u00e9gance contemporaine. Sa construction permet une coupe ajust\u00e9e et confortable, s'adaptant subtilement au corps sans perdre sa forme.","og_url":"https:\/\/montelart.com\/fr\/produit\/t-shirt-a-manches-longues-avec-patte-de-boutonnage-en-blanc-casse\/","og_site_name":"MONTELART","og_image":[{"width":2048,"height":2560,"url":"https:\/\/montelart.com\/wp-content\/uploads\/2025\/11\/Blanco_C-scaled.jpg","type":"image\/jpeg"}],"twitter_card":"summary_large_image","twitter_misc":{"Dur\u00e9e de lecture estim\u00e9e":"1 minute"},"schema":{"@context":"https:\/\/schema.org","@graph":[{"@type":"WebPage","@id":"https:\/\/montelart.com\/fr\/produit\/t-shirt-a-manches-longues-avec-patte-de-boutonnage-en-blanc-casse\/","url":"https:\/\/montelart.com\/fr\/produit\/t-shirt-a-manches-longues-avec-patte-de-boutonnage-en-blanc-casse\/","name":"T-shirt \u00e0 manches longues avec patte de boutonnage en blanc cass\u00e9 - MONTELART","isPartOf":{"@id":"https:\/\/montelart.com\/fr\/#website"},"primaryImageOfPage":{"@id":"https:\/\/montelart.com\/fr\/produit\/t-shirt-a-manches-longues-avec-patte-de-boutonnage-en-blanc-casse\/#primaryimage"},"image":{"@id":"https:\/\/montelart.com\/fr\/produit\/t-shirt-a-manches-longues-avec-patte-de-boutonnage-en-blanc-casse\/#primaryimage"},"thumbnailUrl":"https:\/\/montelart.com\/wp-content\/uploads\/2025\/11\/Blanco_C-scaled.jpg","datePublished":"2025-07-15T13:58:47+00:00","breadcrumb":{"@id":"https:\/\/montelart.com\/fr\/produit\/t-shirt-a-manches-longues-avec-patte-de-boutonnage-en-blanc-casse\/#breadcrumb"},"inLanguage":"fr-FR","potentialAction":[{"@type":"ReadAction","target":["https:\/\/montelart.com\/fr\/produit\/t-shirt-a-manches-longues-avec-patte-de-boutonnage-en-blanc-casse\/"]}]},{"@type":"ImageObject","inLanguage":"fr-FR","@id":"https:\/\/montelart.com\/fr\/produit\/t-shirt-a-manches-longues-avec-patte-de-boutonnage-en-blanc-casse\/#primaryimage","url":"https:\/\/montelart.com\/wp-content\/uploads\/2025\/11\/Blanco_C-scaled.jpg","contentUrl":"https:\/\/montelart.com\/wp-content\/uploads\/2025\/11\/Blanco_C-scaled.jpg","width":2048,"height":2560},{"@type":"BreadcrumbList","@id":"https:\/\/montelart.com\/fr\/produit\/t-shirt-a-manches-longues-avec-patte-de-boutonnage-en-blanc-casse\/#breadcrumb","itemListElement":[{"@type":"ListItem","position":1,"name":"Page d'accueil","item":"https:\/\/montelart.com\/fr\/accueil\/"},{"@type":"ListItem","position":2,"name":"Boutique","item":"https:\/\/montelart.com\/fr\/boutique\/"},{"@type":"ListItem","position":3,"name":"T-shirt \u00e0 manches longues avec patte de boutonnage en blanc cass\u00e9"}]},{"@type":"WebSite","@id":"https:\/\/montelart.com\/fr\/#website","url":"https:\/\/montelart.com\/fr\/","name":"MONTELART","description":"MONTELART  ","potentialAction":[{"@type":"SearchAction","target":{"@type":"EntryPoint","urlTemplate":"https:\/\/montelart.com\/fr\/?s={search_term_string}"},"query-input":{"@type":"PropertyValueSpecification","valueRequired":true,"valueName":"search_term_string"}}],"inLanguage":"fr-FR"}]}},"_links":{"self":[{"href":"https:\/\/montelart.com\/fr\/wp-json\/wp\/v2\/product\/2798","targetHints":{"allow":["GET"]}}],"collection":[{"href":"https:\/\/montelart.com\/fr\/wp-json\/wp\/v2\/product"}],"about":[{"href":"https:\/\/montelart.com\/fr\/wp-json\/wp\/v2\/types\/product"}],"wp:featuredmedia":[{"embeddable":true,"href":"https:\/\/montelart.com\/fr\/wp-json\/wp\/v2\/media\/2912"}],"wp:attachment":[{"href":"https:\/\/montelart.com\/fr\/wp-json\/wp\/v2\/media?parent=2798"}],"wp:term":[{"taxonomy":"product_brand","embeddable":true,"href":"https:\/\/montelart.com\/fr\/wp-json\/wp\/v2\/product_brand?post=2798"},{"taxonomy":"product_cat","embeddable":true,"href":"https:\/\/montelart.com\/fr\/wp-json\/wp\/v2\/product_cat?post=2798"},{"taxonomy":"product_tag","embeddable":true,"href":"https:\/\/montelart.com\/fr\/wp-json\/wp\/v2\/product_tag?post=2798"}],"curies":[{"name":"wp","href":"https:\/\/api.w.org\/{rel}","templated":true}]}}